{"id":280651,"date":"2024-01-05T17:28:42","date_gmt":"2024-01-05T17:28:42","guid":{"rendered":"https:\/\/ai.rewm.it\/brc\/?page_id=280651"},"modified":"2024-01-06T13:29:54","modified_gmt":"2024-01-06T13:29:54","slug":"diventa-socio","status":"publish","type":"page","link":"https:\/\/ai.rewm.it\/brc\/diventa-socio\/","title":{"rendered":"Diventa Socio"},"content":{"rendered":"<p>[et_pb_section fb_built=&#8221;1&#8243; custom_padding_last_edited=&#8221;on|tablet&#8221; _builder_version=&#8221;4.20.0&#8243; _module_preset=&#8221;default&#8221; background_color=&#8221;#f0f5f4&#8243; custom_padding=&#8221;60px||60px||true|false&#8221; custom_padding_tablet=&#8221;50px||50px||true|false&#8221; custom_padding_phone=&#8221;40px||40px||true|false&#8221; locked=&#8221;off&#8221; global_colors_info=&#8221;{}&#8221;][et_pb_row _builder_version=&#8221;4.20.0&#8243; _module_preset=&#8221;default&#8221; width_tablet=&#8221;&#8221; width_phone=&#8221;90%&#8221; width_last_edited=&#8221;on|phone&#8221; module_alignment=&#8221;center&#8221; custom_padding=&#8221;0px||0px||true|false&#8221; global_colors_info=&#8221;{}&#8221;][et_pb_column type=&#8221;4_4&#8243; _builder_version=&#8221;4.20.0&#8243; _module_preset=&#8221;default&#8221; global_colors_info=&#8221;{}&#8221;][et_pb_blurb title=&#8221;Diventa socio&#8221; content_max_width=&#8221;100%&#8221; content_max_width_last_edited=&#8221;off|desktop&#8221; _builder_version=&#8221;4.23.1&#8243; _module_preset=&#8221;default&#8221; header_level=&#8221;h1&#8243; header_font=&#8221;Lora|700|||||||&#8221; header_text_align=&#8221;center&#8221; header_text_color=&#8221;#00715D&#8221; header_font_size=&#8221;44px&#8221; header_line_height=&#8221;52px&#8221; body_font=&#8221;DM Sans||||||||&#8221; body_text_align=&#8221;center&#8221; body_text_color=&#8221;#515f5d&#8221; body_font_size=&#8221;18px&#8221; body_line_height=&#8221;26px&#8221; text_orientation=&#8221;center&#8221; max_width=&#8221;600px&#8221; module_alignment=&#8221;center&#8221; animation_style=&#8221;slide&#8221; animation_direction=&#8221;bottom&#8221; animation_duration=&#8221;1500ms&#8221; animation_intensity_slide=&#8221;5%&#8221; hover_enabled=&#8221;0&#8243; header_font_size_tablet=&#8221;38px&#8221; header_font_size_phone=&#8221;32px&#8221; header_font_size_last_edited=&#8221;on|tablet&#8221; header_line_height_tablet=&#8221;48px&#8221; header_line_height_phone=&#8221;42px&#8221; header_line_height_last_edited=&#8221;on|tablet&#8221; body_font_size_tablet=&#8221;16px&#8221; body_font_size_phone=&#8221;14px&#8221; body_font_size_last_edited=&#8221;on|tablet&#8221; global_colors_info=&#8221;{}&#8221; sticky_enabled=&#8221;0&#8243;]<\/p>\n<p><em>Unisciti a noi nel dare forma al cambiamento e costruire un mondo pi\u00f9 equo e solidale. Associandoti a Heart to Heart, diventi parte di una comunit\u00e0 che lavora attivamente per sostenere donne e bambini in situazioni difficili in tutto il mondo<\/em><\/p>\n<p>[\/et_pb_blurb][\/et_pb_column][\/et_pb_row][\/et_pb_section][et_pb_section fb_built=&#8221;1&#8243; custom_padding_last_edited=&#8221;on|tablet&#8221; _builder_version=&#8221;4.20.0&#8243; _module_preset=&#8221;default&#8221; custom_padding=&#8221;120px||35px||false|false&#8221; custom_padding_tablet=&#8221;80px||20px||false|false&#8221; custom_padding_phone=&#8221;40px||||false|false&#8221; global_colors_info=&#8221;{}&#8221;][et_pb_row column_structure=&#8221;1_2,1_2&#8243; custom_padding_last_edited=&#8221;on|tablet&#8221; _builder_version=&#8221;4.20.0&#8243; _module_preset=&#8221;default&#8221; background_color=&#8221;#f0f5f4&#8243; width_tablet=&#8221;&#8221; width_phone=&#8221;90%&#8221; width_last_edited=&#8221;on|phone&#8221; custom_padding=&#8221;40px|40px|40px|40px|true|true&#8221; custom_padding_tablet=&#8221;30px|30px|30px|30px|true|true&#8221; custom_padding_phone=&#8221;20px|20px|20px|20px|true|true&#8221; border_radii=&#8221;on|12px|12px|12px|12px&#8221; global_colors_info=&#8221;{}&#8221; width__hover_enabled=&#8221;off|desktop&#8221;][et_pb_column type=&#8221;1_2&#8243; _builder_version=&#8221;4.20.0&#8243; _module_preset=&#8221;default&#8221; animation_style=&#8221;slide&#8221; animation_direction=&#8221;left&#8221; animation_duration=&#8221;1500ms&#8221; animation_intensity_slide=&#8221;5%&#8221; global_colors_info=&#8221;{}&#8221;][et_pb_blurb title=&#8221;Perch\u00e9 Associarsi&#8221; content_max_width=&#8221;100%&#8221; _builder_version=&#8221;4.23.1&#8243; _module_preset=&#8221;default&#8221; header_level=&#8221;h3&#8243; header_font=&#8221;Lora|600|||||||&#8221; header_text_color=&#8221;#263734&#8243; header_font_size=&#8221;28px&#8221; header_line_height=&#8221;34px&#8221; body_font=&#8221;DM Sans||||||||&#8221; body_text_color=&#8221;#515f5d&#8221; body_font_size=&#8221;16px&#8221; body_line_height=&#8221;26px&#8221; custom_margin=&#8221;||24px||false|false&#8221; custom_margin_tablet=&#8221;||20px||false|false&#8221; custom_margin_phone=&#8221;||16px||false|false&#8221; custom_margin_last_edited=&#8221;on|tablet&#8221; hover_enabled=&#8221;0&#8243; header_font_size_tablet=&#8221;24px&#8221; header_font_size_phone=&#8221;20px&#8221; header_font_size_last_edited=&#8221;on|phone&#8221; header_line_height_tablet=&#8221;30px&#8221; header_line_height_phone=&#8221;27px&#8221; header_line_height_last_edited=&#8221;on|tablet&#8221; body_font_size_tablet=&#8221;15px&#8221; body_font_size_phone=&#8221;14px&#8221; body_font_size_last_edited=&#8221;on|phone&#8221; locked=&#8221;off&#8221; global_colors_info=&#8221;{}&#8221; sticky_enabled=&#8221;0&#8243;]<\/p>\n<p><span>La tua associazione \u00e8 fondamentale per il successo dei nostri progetti. Ogni socio \u00e8 un pilastro su cui costruiamo un futuro migliore<\/span><\/p>\n<p>[\/et_pb_blurb][difl_iconlist list_item_gap=&#8221;16px&#8221; list_item_content_max_width=&#8221;100%&#8221; list_item_icon_color=&#8221;#00715D&#8221; list_item_icon_size=&#8221;24px&#8221; list_item_icon_vertical_placement=&#8221;center&#8221; list_item_icon_wrapper_padding=&#8221;0px|0px|0px|0px|true|true&#8221; list_item_title_padding=&#8221;0px|0px|0px|0px|true|true&#8221; list_item_content_padding=&#8221;0px|0px|0px|0px|true|true&#8221; list_item_wrapper_padding=&#8221;0px|0px|0px|0px|true|true&#8221; _builder_version=&#8221;4.23.1&#8243; _module_preset=&#8221;default&#8221; child_title_text_font=&#8221;DM Sans||||||||&#8221; child_title_text_text_color=&#8221;#515f5d&#8221; child_title_text_font_size=&#8221;16px&#8221; child_title_text_line_height=&#8221;26px&#8221; hover_enabled=&#8221;0&#8243; child_title_text_font_size_tablet=&#8221;15px&#8221; child_title_text_font_size_phone=&#8221;14px&#8221; child_title_text_font_size_last_edited=&#8221;on|phone&#8221; global_colors_info=&#8221;{}&#8221; sticky_enabled=&#8221;0&#8243;][difl_iconlistitem list_item_title=&#8221;Contribuire al Cambiamento&#8221; list_item_title_tag=&#8221;p&#8221; list_item_icon=&#8221;&#x5a;||divi||400&#8243; _builder_version=&#8221;4.23.1&#8243; hover_enabled=&#8221;0&#8243; global_colors_info=&#8221;{}&#8221; sticky_enabled=&#8221;0&#8243;][\/difl_iconlistitem][difl_iconlistitem list_item_title=&#8221;Supportare Causa Globale&#8221; list_item_title_tag=&#8221;p&#8221; list_item_icon=&#8221;&#x5a;||divi||400&#8243; _builder_version=&#8221;4.23.1&#8243; hover_enabled=&#8221;0&#8243; global_colors_info=&#8221;{}&#8221; sticky_enabled=&#8221;0&#8243;][\/difl_iconlistitem][difl_iconlistitem list_item_title=&#8221;Partecipare all&#8217;Empowerment&#8221; list_item_title_tag=&#8221;p&#8221; list_item_icon=&#8221;&#x5a;||divi||400&#8243; _builder_version=&#8221;4.23.1&#8243; hover_enabled=&#8221;0&#8243; global_colors_info=&#8221;{}&#8221; sticky_enabled=&#8221;0&#8243;][\/difl_iconlistitem][\/difl_iconlist][et_pb_blurb title=&#8221;Requisiti per l&#8217;Associazione&#8221; content_max_width=&#8221;100%&#8221; _builder_version=&#8221;4.23.1&#8243; _module_preset=&#8221;default&#8221; header_level=&#8221;h3&#8243; header_font=&#8221;Lora|600|||||||&#8221; header_text_color=&#8221;#263734&#8243; header_font_size=&#8221;28px&#8221; header_line_height=&#8221;34px&#8221; body_font=&#8221;DM Sans||||||||&#8221; body_text_color=&#8221;#515f5d&#8221; body_font_size=&#8221;16px&#8221; body_line_height=&#8221;26px&#8221; custom_margin=&#8221;||24px||false|false&#8221; custom_margin_tablet=&#8221;||20px||false|false&#8221; custom_margin_phone=&#8221;||16px||false|false&#8221; custom_margin_last_edited=&#8221;on|tablet&#8221; hover_enabled=&#8221;0&#8243; header_font_size_tablet=&#8221;24px&#8221; header_font_size_phone=&#8221;20px&#8221; header_font_size_last_edited=&#8221;on|phone&#8221; header_line_height_tablet=&#8221;30px&#8221; header_line_height_phone=&#8221;27px&#8221; header_line_height_last_edited=&#8221;on|tablet&#8221; body_font_size_tablet=&#8221;15px&#8221; body_font_size_phone=&#8221;14px&#8221; body_font_size_last_edited=&#8221;on|phone&#8221; locked=&#8221;off&#8221; global_colors_info=&#8221;{}&#8221; sticky_enabled=&#8221;0&#8243;]<\/p>\n<p><span>Cerchiamo persone che condividano la nostra visione di uguaglianza, diritti fondamentali, empowerment, solidariet\u00e0 e trasparenza<\/span><\/p>\n<p>[\/et_pb_blurb][difl_iconlist list_item_gap=&#8221;16px&#8221; list_item_content_max_width=&#8221;100%&#8221; list_item_icon_color=&#8221;#00715D&#8221; list_item_icon_size=&#8221;24px&#8221; list_item_icon_vertical_placement=&#8221;center&#8221; list_item_icon_wrapper_padding=&#8221;0px|0px|0px|0px|true|true&#8221; list_item_title_padding=&#8221;0px|0px|0px|0px|true|true&#8221; list_item_content_padding=&#8221;0px|0px|0px|0px|true|true&#8221; list_item_wrapper_padding=&#8221;0px|0px|0px|0px|true|true&#8221; _builder_version=&#8221;4.23.1&#8243; _module_preset=&#8221;default&#8221; child_title_text_font=&#8221;DM Sans||||||||&#8221; child_title_text_text_color=&#8221;#515f5d&#8221; child_title_text_font_size=&#8221;16px&#8221; child_title_text_line_height=&#8221;26px&#8221; hover_enabled=&#8221;0&#8243; child_title_text_font_size_tablet=&#8221;15px&#8221; child_title_text_font_size_phone=&#8221;14px&#8221; child_title_text_font_size_last_edited=&#8221;on|phone&#8221; locked=&#8221;off&#8221; global_colors_info=&#8221;{}&#8221; sticky_enabled=&#8221;0&#8243;][difl_iconlistitem list_item_title=&#8221;Condivisione dei Valori&#8221; list_item_title_tag=&#8221;p&#8221; list_item_icon=&#8221;&#x5a;||divi||400&#8243; _builder_version=&#8221;4.23.1&#8243; hover_enabled=&#8221;0&#8243; global_colors_info=&#8221;{}&#8221; sticky_enabled=&#8221;0&#8243;][\/difl_iconlistitem][difl_iconlistitem list_item_title=&#8221;Impegno Attivo&#8221; list_item_title_tag=&#8221;p&#8221; list_item_icon=&#8221;&#x5a;||divi||400&#8243; _builder_version=&#8221;4.23.1&#8243; hover_enabled=&#8221;0&#8243; global_colors_info=&#8221;{}&#8221; sticky_enabled=&#8221;0&#8243;][\/difl_iconlistitem][difl_iconlistitem list_item_title=&#8221;Trasparenza e Integrit\u00e0&#8221; list_item_title_tag=&#8221;p&#8221; list_item_icon=&#8221;&#x5a;||divi||400&#8243; _builder_version=&#8221;4.23.1&#8243; hover_enabled=&#8221;0&#8243; global_colors_info=&#8221;{}&#8221; sticky_enabled=&#8221;0&#8243;][\/difl_iconlistitem][\/difl_iconlist][et_pb_blurb title=&#8221;Come associarsi&#8221; content_max_width=&#8221;100%&#8221; _builder_version=&#8221;4.23.1&#8243; _module_preset=&#8221;default&#8221; header_level=&#8221;h3&#8243; header_font=&#8221;Lora|600|||||||&#8221; header_text_color=&#8221;#263734&#8243; header_font_size=&#8221;28px&#8221; header_line_height=&#8221;34px&#8221; body_font=&#8221;DM Sans||||||||&#8221; body_text_color=&#8221;#515f5d&#8221; body_font_size=&#8221;16px&#8221; body_line_height=&#8221;26px&#8221; custom_margin=&#8221;||24px||false|false&#8221; custom_margin_tablet=&#8221;||20px||false|false&#8221; custom_margin_phone=&#8221;||16px||false|false&#8221; custom_margin_last_edited=&#8221;on|tablet&#8221; hover_enabled=&#8221;0&#8243; header_font_size_tablet=&#8221;24px&#8221; header_font_size_phone=&#8221;20px&#8221; header_font_size_last_edited=&#8221;on|phone&#8221; header_line_height_tablet=&#8221;30px&#8221; header_line_height_phone=&#8221;27px&#8221; header_line_height_last_edited=&#8221;on|tablet&#8221; body_font_size_tablet=&#8221;15px&#8221; body_font_size_phone=&#8221;14px&#8221; body_font_size_last_edited=&#8221;on|phone&#8221; locked=&#8221;off&#8221; global_colors_info=&#8221;{}&#8221; sticky_enabled=&#8221;0&#8243;]<\/p>\n<p><span>Compila il nostro modulo di iscrizione online e inizia il tuo viaggio con Heart to Heart. La tua adesione fa la differenza &#8211; unisciti a noi nella costruzione di un mondo pi\u00f9 giusto e solidale<\/span><\/p>\n<p>[\/et_pb_blurb][\/et_pb_column][et_pb_column type=&#8221;1_2&#8243; _builder_version=&#8221;4.20.0&#8243; _module_preset=&#8221;default&#8221; background_color=&#8221;#FFFFFF&#8221; custom_padding=&#8221;40px|40px|40px|40px|true|true&#8221; custom_padding_tablet=&#8221;30px|30px|30px|30px|true|true&#8221; custom_padding_phone=&#8221;20px|15px|20px|15px|true|true&#8221; custom_padding_last_edited=&#8221;on|tablet&#8221; animation_style=&#8221;slide&#8221; animation_direction=&#8221;bottom&#8221; animation_duration=&#8221;1500ms&#8221; animation_intensity_slide=&#8221;5%&#8221; border_radii=&#8221;on|6px|6px|6px|6px&#8221; global_colors_info=&#8221;{}&#8221;][et_pb_blurb title=&#8221;Diventa socio&#8221; content_max_width=&#8221;100%&#8221; _builder_version=&#8221;4.23.1&#8243; _module_preset=&#8221;default&#8221; header_level=&#8221;h3&#8243; header_font=&#8221;Lora|600|||||||&#8221; header_text_color=&#8221;#263734&#8243; header_font_size=&#8221;28px&#8221; header_line_height=&#8221;34px&#8221; body_font=&#8221;DM Sans||||||||&#8221; body_text_color=&#8221;#515f5d&#8221; body_font_size=&#8221;16px&#8221; body_line_height=&#8221;26px&#8221; hover_enabled=&#8221;0&#8243; header_font_size_tablet=&#8221;24px&#8221; header_font_size_phone=&#8221;20px&#8221; header_font_size_last_edited=&#8221;on|phone&#8221; header_line_height_tablet=&#8221;30px&#8221; header_line_height_phone=&#8221;27px&#8221; header_line_height_last_edited=&#8221;on|tablet&#8221; body_font_size_tablet=&#8221;15px&#8221; body_font_size_phone=&#8221;14px&#8221; body_font_size_last_edited=&#8221;on|phone&#8221; locked=&#8221;off&#8221; global_colors_info=&#8221;{}&#8221; sticky_enabled=&#8221;0&#8243;]<\/p>\n<p>Compila il form, il nostro team ti ricontatter\u00e0 appena possibile<\/p>\n<p>[\/et_pb_blurb][et_pb_text _builder_version=&#8221;4.20.0&#8243; _module_preset=&#8221;default&#8221; global_colors_info=&#8221;{}&#8221;]\n<div class=\"wpcf7 no-js\" id=\"wpcf7-f280400-o1\" lang=\"en-US\" dir=\"ltr\">\n<div class=\"screen-reader-response\"><p role=\"status\" aria-live=\"polite\" aria-atomic=\"true\"><\/p> <ul><\/ul><\/div>\n<form action=\"\/brc\/wp-json\/wp\/v2\/pages\/280651#wpcf7-f280400-o1\" method=\"post\" class=\"wpcf7-form init\" aria-label=\"Contact form\" novalidate=\"novalidate\" data-status=\"init\">\n<div style=\"display: none;\">\n<input type=\"hidden\" name=\"_wpcf7\" value=\"280400\" \/>\n<input type=\"hidden\" name=\"_wpcf7_version\" value=\"5.9.5\" \/>\n<input type=\"hidden\" name=\"_wpcf7_locale\" value=\"en_US\" \/>\n<input type=\"hidden\" name=\"_wpcf7_unit_tag\" value=\"wpcf7-f280400-o1\" \/>\n<input type=\"hidden\" name=\"_wpcf7_container_post\" value=\"0\" \/>\n<input type=\"hidden\" name=\"_wpcf7_posted_data_hash\" value=\"\" \/>\n<\/div>\n<div class=\"form-row volunteer\">\n\t<div class=\"form_halfwidth\">\n\t\t<p><label> Nome <span class=\"wpcf7-form-control-wrap\" data-name=\"firstname\"><input size=\"40\" class=\"wpcf7-form-control wpcf7-text wpcf7-validates-as-required\" aria-required=\"true\" aria-invalid=\"false\" placeholder=\"Mario\" value=\"\" type=\"text\" name=\"firstname\" \/><\/span> <\/label>\n\t\t<\/p>\n\t<\/div>\n\t<div class=\"form_halfwidth\">\n\t\t<p><label> Cognome <span class=\"wpcf7-form-control-wrap\" data-name=\"lastname\"><input size=\"40\" class=\"wpcf7-form-control wpcf7-text wpcf7-validates-as-required\" aria-required=\"true\" aria-invalid=\"false\" placeholder=\"Rossi\" value=\"\" type=\"text\" name=\"lastname\" \/><\/span> <\/label>\n\t\t<\/p>\n\t<\/div>\n<\/div>\n<div class=\"form-row volunteer\">\n\t<div class=\"form_halfwidth\">\n\t\t<p><label> Email <span class=\"wpcf7-form-control-wrap\" data-name=\"your-email\"><input size=\"40\" class=\"wpcf7-form-control wpcf7-email wpcf7-validates-as-required wpcf7-text wpcf7-validates-as-email\" autocomplete=\"email\" aria-required=\"true\" aria-invalid=\"false\" placeholder=\"abc@gmail.com\" value=\"\" type=\"email\" name=\"your-email\" \/><\/span> <\/label>\n\t\t<\/p>\n\t<\/div>\n\t<div class=\"form_halfwidth\">\n\t\t<p><label> Telefono <span class=\"wpcf7-form-control-wrap\" data-name=\"phone\"><input size=\"40\" class=\"wpcf7-form-control wpcf7-text\" aria-invalid=\"false\" placeholder=\"+39 348...\" value=\"\" type=\"text\" name=\"phone\" \/><\/span> <\/label>\n\t\t<\/p>\n\t<\/div>\n<\/div>\n<div class=\"form-row volunteer\">\n\t<div class=\"form_fullwidth\">\n\t\t<p><label> Indirizzo <span class=\"wpcf7-form-control-wrap\" data-name=\"address\"><input size=\"40\" class=\"wpcf7-form-control wpcf7-text\" aria-invalid=\"false\" placeholder=\"Roma\" value=\"\" type=\"text\" name=\"address\" \/><\/span> <\/label>\n\t\t<\/p>\n\t<\/div>\n<\/div>\n<div class=\"form-row volunteer\">\n\t<div class=\"form_fullwidth\">\n\t\t<p><label> Skillsets e area di interesse <span class=\"wpcf7-form-control-wrap\" data-name=\"writecomment\"><textarea cols=\"40\" rows=\"10\" class=\"wpcf7-form-control wpcf7-textarea\" aria-invalid=\"false\" placeholder=\"indica il tipo...\" name=\"writecomment\"><\/textarea><\/span> <\/label>\n\t\t<\/p>\n\t<\/div>\n<\/div>\n<div class=\"form-row volunteer\">\n\t<div class=\"form_fullwidth\">\n\t\t<p><label> Breve Bio <span class=\"wpcf7-form-control-wrap\" data-name=\"startbio\"><textarea cols=\"40\" rows=\"10\" class=\"wpcf7-form-control wpcf7-textarea\" aria-invalid=\"false\" placeholder=\"di cosa ti occupi...\" name=\"startbio\"><\/textarea><\/span> <\/label>\n\t\t<\/p>\n\t<\/div>\n<\/div>\n<div class=\"form-row\">\n\t<div class=\"form_fullwidth submitbtn\">\n\t\t<p><input class=\"wpcf7-form-control wpcf7-submit has-spinner\" type=\"submit\" value=\"invia adesso\" \/>\n\t\t<\/p>\n\t<\/div>\n<\/div><div class=\"wpcf7-response-output\" aria-hidden=\"true\"><\/div>\n<\/form>\n<\/div>\n[\/et_pb_text][\/et_pb_column][\/et_pb_row][\/et_pb_section]<\/p>\n","protected":false},"excerpt":{"rendered":"<p>Unisciti a noi nel dare forma al cambiamento e costruire un mondo pi\u00f9 equo e solidale. Associandoti a Heart to Heart, diventi parte di una comunit\u00e0 che lavora attivamente per sostenere donne e bambini in situazioni difficili in tutto il mondoLa tua associazione \u00e8 fondamentale per il successo dei nostri progetti. Ogni socio \u00e8 un [&hellip;]<\/p>\n","protected":false},"author":1,"featured_media":0,"parent":0,"menu_order":0,"comment_status":"closed","ping_status":"closed","template":"","meta":{"_acf_changed":false,"_et_pb_use_builder":"on","_et_pb_old_content":"<!-- wp:divi\/placeholder \/-->","_et_gb_content_width":"","footnotes":""},"class_list":["post-280651","page","type-page","status-publish","hentry"],"acf":[],"_links":{"self":[{"href":"https:\/\/ai.rewm.it\/brc\/wp-json\/wp\/v2\/pages\/280651","targetHints":{"allow":["GET"]}}],"collection":[{"href":"https:\/\/ai.rewm.it\/brc\/wp-json\/wp\/v2\/pages"}],"about":[{"href":"https:\/\/ai.rewm.it\/brc\/wp-json\/wp\/v2\/types\/page"}],"author":[{"embeddable":true,"href":"https:\/\/ai.rewm.it\/brc\/wp-json\/wp\/v2\/users\/1"}],"replies":[{"embeddable":true,"href":"https:\/\/ai.rewm.it\/brc\/wp-json\/wp\/v2\/comments?post=280651"}],"version-history":[{"count":4,"href":"https:\/\/ai.rewm.it\/brc\/wp-json\/wp\/v2\/pages\/280651\/revisions"}],"predecessor-version":[{"id":280699,"href":"https:\/\/ai.rewm.it\/brc\/wp-json\/wp\/v2\/pages\/280651\/revisions\/280699"}],"wp:attachment":[{"href":"https:\/\/ai.rewm.it\/brc\/wp-json\/wp\/v2\/media?parent=280651"}],"curies":[{"name":"wp","href":"https:\/\/api.w.org\/{rel}","templated":true}]}}